{"id":1743,"date":"2021-12-29T11:57:25","date_gmt":"2021-12-29T11:57:25","guid":{"rendered":"https:\/\/housing.cardiffcouncilwebteam.co.uk\/?page_id=1743"},"modified":"2022-01-27T14:18:23","modified_gmt":"2022-01-27T14:18:23","slug":"dweud-eich-dweud-ar-gynlluniau-gatiau-lon-gefn-arfaethedig","status":"publish","type":"page","link":"https:\/\/www.devandregencardiff.co.uk\/cy\/ein-prosiectau\/lonydd-cefn-a-gatiau\/dweud-eich-dweud-ar-gynlluniau-gatiau-lon-gefn-arfaethedig\/","title":{"rendered":"Dweud eich dweud ar Gynlluniau Gatiau L\u00f4n Gefn arfaethedig"},"content":{"rendered":"<div class=\"wpb-content-wrapper\"><p>[vc_row][vc_column][vc_column_text]<\/p>\n<div class=\"entry-content\">\n<h2>Rydym am wybod eich syniadau a&#8217;ch sylwadau ar y gatiau l\u00f4n gefn arfaethedig<\/h2>\n<p>Mae angen i ni gael tystiolaeth bod g\u00e2t l\u00f4n gefn arfaethedig yn cael ei gefnogi gan breswylwyr, perchnogion a busnesau i&#8217;r cynnig gael ei ddatblygu ymhellach.<\/p>\n<p>Mae hefyd yn bwysig ar y cam hwn ein bod ni\u2019n deall sut y defnyddir y l\u00f4n i gael mynediad at yr eiddo cyfagos hyn fel y gallwn sicrhau bod y gatiau\u2019n gallu bodloni gofynion cyfreithiol.<\/p>\n<\/div>\n<p>[\/vc_column_text][vc_tta_accordion style=&#8221;flat&#8221; color=&#8221;blue&#8221; active_section=&#8221;0&#8243; no_fill=&#8221;true&#8221; collapsible_all=&#8221;true&#8221; css=&#8221;.vc_custom_1643292954640{margin-bottom: 50px !important;}&#8221;][vc_tta_section title=&#8221;Gwybodaeth am Osod Gatiau&#8221; tab_id=&#8221;1643292819329-33d37067-5e5d&#8221;][vc_column_text]<\/p>\n<h4>Pam gosod gatiau ar y l\u00f4n?<\/h4>\n<p>Mae gosod gatiau lonydd cefn yn golygu gosod gatiau y gellir eu cloi ag allwedd ar ddiwedd lonydd cefn, sy\u2019n rhwystro mynediad i\u2019r cyhoedd ehangach. Ystyrir gosod gatiau\u2019n ddull effeithiol o atal neu leihau trosedd ac ymddygiad gwrthgymdeithasol. Er bod lonydd cefn yn gallu bod yn llwybrau defnyddiol i eiddo, maen nhw hefyd yn addas i gyflawni byrgleriaeth, tipio anghyfreithlon a throseddau eraill ac yn rhoi llwybr i droseddwyr ddianc. Mae galw mawr am gynlluniau gatio yng Nghaerdydd ac mae cyllid yn brin. Fodd bynnag, ar sail y lefelau troseddu ac ymddygiad troseddol yn eich l\u00f4n rydym wedi penderfynu y dylai cynllun gatio gael ei ymchwilio iddo ymhellach.<\/p>\n<h4>Pam na fyddai\u2019n bosibl gosod gatiau?<\/h4>\n<p>Bydd y penderfyniad i osod g\u00e2t ar y l\u00f4n yn dibynnu ar sawl peth, gan gynnwys:<\/p>\n<ul>\n<li>A oes digon o gymorth lleol<\/li>\n<li>Natur a nifer y gwrthwynebiadau<\/li>\n<li>Agweddau technegol (nid yw rhai lonydd yn addas i gael gatiau)<\/li>\n<li>Cyfyngiadau cyfreithiol (er enghraifft gofynion mynediad lleol, statws priffyrdd a pherchenogaeth)<\/li>\n<li>Cyfyngiadau ariannu<\/li>\n<\/ul>\n<p>Yn ddelfrydol byddai\u2019r Cyngor am osod gatiau ar ddeupen y l\u00f4n. Lle nad yw hyn yn bosibl, gellir ystyried gosod gatiau ar ran o\u2019r l\u00f4n os byddai\u2019r gatiau\u2019n cael effaith sylweddol o hyd. Ystyrir bob achos yn \u00f4l ei deilyngdod ei hun.<\/p>\n<h4>Pryd y bydd gatiau\u2019n cael eu gosod?<\/h4>\n<p>Os bydd trigolion \/ perchnogion lleol o blaid y cynnig, byddwn yna\u2019n dechrau proses i sicrhau gorchymyn cyfreithiol fel y gellir gosod gatiau. Mae\u2019r broses hon yn caniat\u00e1u i\u2019r cyhoedd ehangach roi sylwadau ar y cynnig a gall gymryd sawl mis i\u2019w gwblhau. Dan y ddeddfwriaeth, mae\u2019n rhaid i\u2019r Cyngor wrando ar unrhyw wrthwynebiad cyn penderfynu a ddylai osod gatiau ai peidio<\/p>\n<h4>Beth am fynediad i\u2019m heiddo?<\/h4>\n<p>Byddai perchnogion a thrigolion eiddo sy\u2019n ffinio \u00e2\u2019r l\u00f4n yn gallu cael mynediad i\u2019r lon o hyd am fod allweddi\u2019n gallu cael eu rhoi iddynt. Gellir cyflwyno gorchymyn cyfreithiol i rwystro mynediad i\u2019r cyhoedd ar bob adeg, neu ar adegau penodol. Er enghraifft, efallai y bydd angen i fusnesau lleol gael mynediad i leoedd parcio i gwsmeriaid yn ystod oriau busnes. Byddai angen dod i gytundeb gyda\u2019r busnes hwnnw i agor a chau\u2019r gatiau ar yr adeg a nodir. Byddai\u2019r l\u00f4n gefn yn dal i fod yn briffordd a fabwysiadwyd.\u00a0\u00a0Mae hyn yn golygu y byddai\u2019r Cyngor yn cadw ei gyfrifoldebau i gynnal y l\u00f4n a\u2019r gatiau. Fodd bynnag, byddai disgwyl i\u2019r perchnogion\/trigolion lleol reoli\u2019r ffordd y mae gatiau\u2019n cael eu hagor a\u2019u cau.<\/p>\n<h4>A fyddai\u2019r gatiau\u2019n cael eu gosod am byth?<\/h4>\n<p>Yn y rhan fwyaf o\u2019r achosion, bydd y Cyngor yn anelu at gael y Gorchymyn am uchafswm o 3 blynedd. Fodd bynnag, gall y Cyngor geisio ymestyn y Gorchymyn am 3 blynedd arall bob tro y mae\u2019n nes\u00e1u at y dyddiad dod i ben, os yw\u2019n fodlon bod tebygolrwydd uchel y bydd troseddau ac ymddygiad gwrthgymdeithasol yn dychwelyd os bydd y gatiau\u2019n cael eu gwaredu. Mae\u2019r Cyngor yn dibynnu ar drigolion lleol i sicrhau bod y gatiau wedi cau\u2019n ddiogel. Mae angen i drigolion roi gwybod i\u2019r Cyngor am unrhyw ddiffygion gyda\u2019r gatiau. Mewn achosion eithriadol lle mae gatiau\u2019n parhau i gael eu gadael ar agor, neu\u2019n cael eu fandaleiddio\u2019n gyson, gall y gatiau ddod yn aneffeithiol yn erbyn troseddu ac ymddygiad gwrthgymdeithasol neu fod yn afresymol gostus i\u2019w cynnal. Yn y sefyllfaoedd hyn, gall y Cyngor benderfynu tynnu\u2019r gatiau.[\/vc_column_text][\/vc_tta_section][\/vc_tta_accordion][vc_column_text]Dim ond preswylwyr neu berchnogion eiddo sy\u2019n gysylltiedig \u00e2 \/ gerllaw\u2019r l\u00f4n yr effeithir arni a wahoddir i gymryd rhan ar y cam hwn.<\/p>\n<p>Rhannwch eich barn os:<\/p>\n<ul>\n<li>ydych wedi derbyn llythyr gennym yn ddiweddar am gi\u00e2t l\u00f4n gefn arfaethedig, neu<\/li>\n<li>wedi dod yn ymwybodol o gynnig gatio i l\u00f4n sy&#8217;n ffinio ag eiddo rydych chi&#8217;n berchen arno neu&#8217;n ei feddiannu.<\/li>\n<\/ul>\n<p>Cofiwch mai dim ond am hyn a hyn o amser y bydd pob arolwg adborth ar agor, fel y nodir yn ein llythyr atoch.<\/p>\n<p>Gallwch roi adborth drwy ein ffurflen adborth, neu os byddai&#8217;n well gennych, gallwch <a href=\"\/cy\/cysylltu-a-ni\/\">cysylltu \u00e2 ni<\/a>.[\/vc_column_text][\/vc_column][\/vc_row][vc_row][vc_column][vc_column_text]<\/p>\n<h2>Rhowch eich adborth<\/h2>\n<p>[\/vc_column_text]\n<div class=\"wpcf7 no-js\" id=\"wpcf7-f620-o1\" lang=\"\" dir=\"ltr\" data-wpcf7-id=\"620\">\n<div class=\"screen-reader-response\"><p role=\"status\" aria-live=\"polite\" aria-atomic=\"true\"><\/p> <ul><\/ul><\/div>\n<form action=\"\/cy\/wp-json\/wp\/v2\/pages\/1743#wpcf7-f620-o1\" method=\"post\" class=\"wpcf7-form init\" aria-label=\"Contact form\" novalidate=\"novalidate\" data-status=\"init\">\n<fieldset class=\"hidden-fields-container\"><input type=\"hidden\" name=\"_wpcf7\" value=\"620\" \/><input type=\"hidden\" name=\"_wpcf7_version\" value=\"6.1.5\" \/><input type=\"hidden\" name=\"_wpcf7_locale\" value=\"\" \/><input type=\"hidden\" name=\"_wpcf7_unit_tag\" value=\"wpcf7-f620-o1\" \/><input type=\"hidden\" name=\"_wpcf7_container_post\" value=\"0\" \/><input type=\"hidden\" name=\"_wpcf7_posted_data_hash\" value=\"\" \/><input type=\"hidden\" name=\"_wpcf7cf_hidden_group_fields\" value=\"[]\" \/><input type=\"hidden\" name=\"_wpcf7cf_hidden_groups\" value=\"[]\" \/><input type=\"hidden\" name=\"_wpcf7cf_visible_groups\" value=\"[]\" \/><input type=\"hidden\" name=\"_wpcf7cf_repeaters\" value=\"[]\" \/><input type=\"hidden\" name=\"_wpcf7cf_steps\" value=\"{}\" \/><input type=\"hidden\" name=\"_wpcf7cf_options\" value=\"{&quot;form_id&quot;:620,&quot;conditions&quot;:[],&quot;settings&quot;:{&quot;animation&quot;:&quot;yes&quot;,&quot;animation_intime&quot;:200,&quot;animation_outtime&quot;:200,&quot;conditions_ui&quot;:&quot;normal&quot;,&quot;notice_dismissed&quot;:false,&quot;notice_dismissed_rollback-cf7-5.5.3&quot;:true,&quot;notice_dismissed_rollback-cf7-5.6&quot;:true,&quot;notice_dismissed_rollback-cf7-5.6.4&quot;:true,&quot;notice_dismissed_rollback-cf7-5.8.2&quot;:true,&quot;notice_dismissed_rollback-cf7-5.8.3&quot;:true,&quot;notice_dismissed_rollback-cf7-5.8.5&quot;:true,&quot;notice_dismissed_rollback-cf7-5.9.7&quot;:true}}\" \/><input type=\"hidden\" name=\"_wpcf7_recaptcha_response\" value=\"\" \/>\n<\/fieldset>\n<fieldset>\n<div class=\"wpcf7-response-output\" aria-hidden=\"true\"><\/div>\n\t<div class=\"clear\">\n\t<\/div>\n\t<h2>Adran 1: Yngl\u0177n \u00e2'r L\u00f4n\n\t<\/h2>\n\t<div class=\"panel-wrapper\">\n\t\t<div class=\"left_panel\">\n\t\t\t<p><label for=\"your-reference\">Cyfeirnod (fel y dangosir ar y llythyr)<\/label><br \/>\n<span class=\"wpcf7-form-control-wrap\" data-name=\"your-reference\"><input size=\"40\" maxlength=\"400\" class=\"wpcf7-form-control wpcf7-text wpcf7-validates-as-required\" id=\"your-reference\" aria-required=\"true\" aria-invalid=\"false\" value=\"\" type=\"text\" name=\"your-reference\" \/><\/span>\n\t\t\t<\/p>\n\t\t<\/div>\n\t\t<div class=\"right_panel\">\n\t\t\t<p><label for=\"your-address\">Cyfeiriad eich eiddo a effeithir gan y cynnig <\/label><br \/>\n<span class=\"wpcf7-form-control-wrap\" data-name=\"your-address\"><input size=\"40\" maxlength=\"400\" class=\"wpcf7-form-control wpcf7-text\" id=\"your-address\" autocomplete=\"street-address\" aria-invalid=\"false\" value=\"\" type=\"text\" name=\"your-address\" \/><\/span>\n\t\t\t<\/p>\n\t\t<\/div>\n\t<\/div>\n\t<div class=\"clear\">\n\t<\/div>\n\t<h2 style=\"margin-top: 35px;\">Adran 2: Amdanoch chi\n\t<\/h2>\n\t<div class=\"panel-wrapper\">\n\t\t<div class=\"left_panel\">\n\t\t\t<p><label for=\"your-title\">Teitl<\/label><br \/>\n<span class=\"wpcf7-form-control-wrap\" data-name=\"your-title\"><input size=\"40\" maxlength=\"400\" class=\"wpcf7-form-control wpcf7-text wpcf7-validates-as-required\" id=\"your-title\" autocomplete=\"honorific-prefix\" aria-required=\"true\" aria-invalid=\"false\" value=\"\" type=\"text\" name=\"your-title\" \/><\/span>\n\t\t\t<\/p>\n\t\t<\/div>\n\t\t<div class=\"right_panel\">\n\t\t\t<p><label for=\"your-yourname\">Enw<\/label><br \/>\n<span class=\"wpcf7-form-control-wrap\" data-name=\"your-name\"><input size=\"40\" maxlength=\"400\" class=\"wpcf7-form-control wpcf7-text wpcf7-validates-as-required\" id=\"your-yourname\" autocomplete=\"name\" aria-required=\"true\" aria-invalid=\"false\" value=\"\" type=\"text\" name=\"your-name\" \/><\/span>\n\t\t\t<\/p>\n\t\t<\/div>\n\t<\/div>\n\t<div class=\"clear\">\n\t<\/div>\n\t<div class=\"panel-wrapper\">\n\t\t<div class=\"left_panel\">\n\t\t\t<p><label for=\"your-email\">Cyfeiriad e-bost<\/label><br \/>\n<span class=\"wpcf7-form-control-wrap\" data-name=\"your-email\"><input size=\"40\" maxlength=\"400\" class=\"wpcf7-form-control wpcf7-email wpcf7-validates-as-required wpcf7-text wpcf7-validates-as-email\" id=\"your-email\" autocomplete=\"email\" aria-required=\"true\" aria-invalid=\"false\" value=\"\" type=\"email\" name=\"your-email\" \/><\/span>\n\t\t\t<\/p>\n\t\t<\/div>\n\t\t<div class=\"right_panel\">\n\t\t\t<p><label for=\"your-tel\">Ff\u00f4n<\/label><br \/>\n<span class=\"wpcf7-form-control-wrap\" data-name=\"your-tel\"><input size=\"40\" maxlength=\"400\" class=\"wpcf7-form-control wpcf7-tel wpcf7-validates-as-required wpcf7-text wpcf7-validates-as-tel\" id=\"your-tel\" autocomplete=\"tel\" aria-required=\"true\" aria-invalid=\"false\" value=\"\" type=\"tel\" name=\"your-tel\" \/><\/span>\n\t\t\t<\/p>\n\t\t<\/div>\n\t<\/div>\n\t<div class=\"clear\">\n\t<\/div>\n\t<p><label for=\"your-home\">Cyfeiriad cartref (os yw'n wahanol)<\/label><br \/>\n<span class=\"wpcf7-form-control-wrap\" data-name=\"your-homeaddress\"><input size=\"40\" maxlength=\"400\" class=\"wpcf7-form-control wpcf7-text\" id=\"your-home\" autocomplete=\"street-address\" aria-invalid=\"false\" value=\"\" type=\"text\" name=\"your-homeaddress\" \/><\/span>\n\t<\/p>\n\t<h2 style=\"margin-top: 35px;\">Adran 3a: Eiddo sydd gyfagos \u00e2'r l\u00f4n\n\t<\/h2>\n\t<p>Bydd yr adran hon yn ein helpu i iddeall sut y gallai gatio'r l\u00f4n effeithio ar eiddo sy'n ffinio \u00e2'r l\u00f4n.\n\t<\/p>\n\t<p><label for=\"your-directjoin\">A yw eich eiddo yn uniongyrchol gyfagos i\u2019r ardal lle cynigir gosod gatiau?<\/label><br \/>\n<span class=\"wpcf7-form-control-wrap\" data-name=\"your-directjoin\"><select class=\"wpcf7-form-control wpcf7-select wpcf7-validates-as-required\" id=\"your-directjoin\" aria-required=\"true\" aria-invalid=\"false\" name=\"your-directjoin\"><option value=\"\">- Dewiswch opsiwn os gwelwch yn dda -<\/option><option value=\"Ydy\">Ydy<\/option><option value=\"Nac ydy\">Nac ydy<\/option><\/select><\/span>\n\t<\/p>\n\t<p>Os nad yw eich eiddo yn ffinio \u00e2'r l\u00f4n gadewch yn wag ac ewch i adran 4.\n\t<\/p>\n\t<div class=\"panel-wrapper\">\n\t\t<div class=\"left_panel\">\n\t\t\t<p><label for=\"your-interest\">Buddiant yn yr eiddo<\/label><br \/>\n<span class=\"wpcf7-form-control-wrap\" data-name=\"your-interest\"><select class=\"wpcf7-form-control wpcf7-select wpcf7-validates-as-required\" id=\"your-interest\" aria-required=\"true\" aria-invalid=\"false\" name=\"your-interest\"><option value=\"\">- Dewiswch opsiwn os gwelwch yn dda -<\/option><option value=\"Perchennog\">Perchennog<\/option><option value=\"Landlord\">Landlord<\/option><option value=\"Tenant\">Tenant<\/option><\/select><\/span>\n\t\t\t<\/p>\n\t\t<\/div>\n\t\t<div class=\"right_panel\">\n\t\t\t<p><label for=\"your-typeprop\">Math o eiddo<\/label><br \/>\n<span class=\"wpcf7-form-control-wrap\" data-name=\"your-typeprop\"><select class=\"wpcf7-form-control wpcf7-select wpcf7-validates-as-required\" id=\"your-typeprop\" aria-required=\"true\" aria-invalid=\"false\" name=\"your-typeprop\"><option value=\"\">- Dewiswch opsiwn os gwelwch yn dda -<\/option><option value=\"Preswyl\">Preswyl<\/option><option value=\"Masnachol\">Masnachol<\/option><option value=\"Preswyl a Masnachol\">Preswyl a Masnachol<\/option><\/select><\/span>\n\t\t\t<\/p>\n\t\t<\/div>\n\t<\/div>\n\t<div class=\"clear\">\n\t<\/div>\n\t<div class=\"panel-wrapper\">\n\t\t<div class=\"left_panel\">\n\t\t\t<p><label for=\"your-typedwel\">Math o annedd<\/label><br \/>\n<span class=\"wpcf7-form-control-wrap\" data-name=\"your-typedwel\"><select class=\"wpcf7-form-control wpcf7-select wpcf7-validates-as-required\" id=\"your-typedwel\" aria-required=\"true\" aria-invalid=\"false\" name=\"your-typedwel\"><option value=\"\">- Dewiswch opsiwn os gwelwch yn dda -<\/option><option value=\"T\u0177\">T\u0177<\/option><option value=\"Fflat\">Fflat<\/option><option value=\"T\u0177 a rennir\">T\u0177 a rennir<\/option><option value=\"Fflat un ystafell\">Fflat un ystafell<\/option><option value=\"Arall\">Arall<\/option><\/select><\/span>\n\t\t\t<\/p>\n\t\t<\/div>\n\t\t<div class=\"right_panel\">\n\t\t\t<p><label for=\"your-access\">Oes gennych fynediad i'ch eiddo o'r l\u00f4n?<\/label><br \/>\n<span class=\"wpcf7-form-control-wrap\" data-name=\"your-access\"><select class=\"wpcf7-form-control wpcf7-select wpcf7-validates-as-required\" id=\"your-access\" aria-required=\"true\" aria-invalid=\"false\" name=\"your-access\"><option value=\"\">- Dewiswch opsiwn os gwelwch yn dda -<\/option><option value=\"Oes\">Oes<\/option><option value=\"Nac oes\">Nac oes<\/option><\/select><\/span>\n\t\t\t<\/p>\n\t\t<\/div>\n\t<\/div>\n\t<div class=\"clear\">\n\t<\/div>\n\t<div class=\"panel-wrapper\">\n\t\t<div class=\"left_panel\">\n\t\t\t<p><label for=\"your-onlyaccess\">Ai'r lon yw eich unig ffordd o gael mynediad at eich eiddo?<\/label><br \/>\n<span class=\"wpcf7-form-control-wrap\" data-name=\"your-onlyaccess\"><select class=\"wpcf7-form-control wpcf7-select wpcf7-validates-as-required\" id=\"your-onlyaccess\" aria-required=\"true\" aria-invalid=\"false\" name=\"your-onlyaccess\"><option value=\"\">- Dewiswch opsiwn os gwelwch yn dda -<\/option><option value=\"Ie\">Ie<\/option><option value=\"Na\">Na<\/option><\/select><\/span>\n\t\t\t<\/p>\n\t\t<\/div>\n\t\t<div class=\"right_panel\">\n\t\t<\/div>\n\t<\/div>\n\t<div class=\"clear\">\n\t<\/div>\n\t<p><label for=\"your-operating\"><br \/>\nOs yw'ch eiddo\u2019n ffinio'r l\u00f4n wedi\u2019i gatio efallai y bydd gennych hawl i allweddi i gael mynediad.<br \/>\nOes gennych bryderon am weithredu'r gatiau (er enghraifft oes gennych unrhyw anableddau neu amgylchiadau personol a allai ei gwneud hi'n anodd i chi agor a chau'r gatiau y mae angen i ni eu hystyried)?<\/label><br \/>\n<span class=\"wpcf7-form-control-wrap\" data-name=\"your-operating\"><textarea cols=\"40\" rows=\"10\" maxlength=\"2000\" class=\"wpcf7-form-control wpcf7-textarea\" id=\"your-operating\" aria-invalid=\"false\" name=\"your-operating\"><\/textarea><\/span>\n\t<\/p>\n\t<h2 style=\"margin-top: 35px;\">Adran 3b: Os yw eich eiddo'n eiddo masnachol, llenwch isod\n\t<\/h2>\n\t<div class=\"panel-wrapper\">\n\t\t<div class=\"left_panel\">\n\t\t\t<p><label for=\"your-bustype\">Math o fusnes<\/label><br \/>\n<span class=\"wpcf7-form-control-wrap\" data-name=\"your-bustype\"><input size=\"40\" maxlength=\"400\" class=\"wpcf7-form-control wpcf7-text\" id=\"your-bustype\" aria-invalid=\"false\" value=\"\" type=\"text\" name=\"your-bustype\" \/><\/span>\n\t\t\t<\/p>\n\t\t<\/div>\n\t\t<div class=\"right_panel\">\n\t\t\t<p><label for=\"your-custaccess\">Oes angen i'ch cwsmeriaid fynd drwy'r l\u00f4n i gael mynediad at eich busnes?<\/label><br \/>\n<span class=\"wpcf7-form-control-wrap\" data-name=\"your-custaccess\"><select class=\"wpcf7-form-control wpcf7-select\" id=\"your-custaccess\" aria-invalid=\"false\" name=\"your-custaccess\"><option value=\"\">- Dewiswch opsiwn os gwelwch yn dda -<\/option><option value=\"Oes\">Oes<\/option><option value=\"Nac oes\">Nac oes<\/option><\/select><\/span>\n\t\t\t<\/p>\n\t\t<\/div>\n\t<\/div>\n\t<p><label for=\"your-custdays\">Nodwch unrhyw ddyddiau ac amser penodol pan fydd angen mynediad i gwsmeriaid<\/label><br \/>\n<span class=\"wpcf7-form-control-wrap\" data-name=\"your-custdays\"><textarea cols=\"40\" rows=\"10\" maxlength=\"2000\" class=\"wpcf7-form-control wpcf7-textarea\" id=\"your-custdays\" aria-invalid=\"false\" name=\"your-custdays\"><\/textarea><\/span>\n\t<\/p>\n\t<div class=\"clear\">\n\t<\/div>\n\t<h2 style=\"margin-top: 35px;\">Adran 4: Yngl\u0177'n \u00e2'r cynllun arfaethedig\n\t<\/h2>\n\t<p><label for=\"your-concerns\">Oes gennych unrhyw bryderon am sut bydd y gatiau o bosibl yn effeithio\/amharu ar fynediad at eich eiddo ac oddi yno?<\/label><br \/>\n<span class=\"wpcf7-form-control-wrap\" data-name=\"your-concerns\"><textarea cols=\"40\" rows=\"10\" maxlength=\"2000\" class=\"wpcf7-form-control wpcf7-textarea\" id=\"your-concerns\" aria-invalid=\"false\" name=\"your-concerns\"><\/textarea><\/span>\n\t<\/p>\n\t<p><label for=\"your-crime\"><br \/>\nYdych wedi profi neu ydych yn ymwybodol o unrhyw drosedd neu ymddygiad gwrthgymdeithasol yn deillio o'r l\u00f4n?<\/label><br \/>\n<span class=\"wpcf7-form-control-wrap\" data-name=\"your-crime\"><textarea cols=\"40\" rows=\"10\" maxlength=\"2000\" class=\"wpcf7-form-control wpcf7-textarea\" id=\"your-crime\" aria-invalid=\"false\" name=\"your-crime\"><\/textarea><\/span>\n\t<\/p>\n\t<p><label for=\"your-reducecrime\">Os ydych, a fydd y gatiau'n helpu i leihau\u2019r problemau hyn yn eich barn chi?<\/label><br \/>\n<span class=\"wpcf7-form-control-wrap\" data-name=\"your-reducecrime\"><select class=\"wpcf7-form-control wpcf7-select\" id=\"your-reducecrime\" aria-invalid=\"false\" name=\"your-reducecrime\"><option value=\"\">- Dewiswch opsiwn os gwelwch yn dda -<\/option><option value=\"Byddant\">Byddant<\/option><option value=\"Na fyddent\">Na fyddent<\/option><\/select><\/span>\n\t<\/p>\n\t<p><label for=\"your-support\">Ydych chi o blaid y cynnig i osod gatiau mewn egwyddor? <\/label><br \/>\n<span class=\"wpcf7-form-control-wrap\" data-name=\"your-support\"><select class=\"wpcf7-form-control wpcf7-select wpcf7-validates-as-required\" id=\"your-support\" aria-required=\"true\" aria-invalid=\"false\" name=\"your-support\"><option value=\"\">- Dewiswch opsiwn os gwelwch yn dda -<\/option><option value=\"Ydw\">Ydw<\/option><option value=\"Nac ydw\">Nac ydw<\/option><\/select><\/span>\n\t<\/p>\n\t<p><label for=\"your-comments\"><br \/>\nSylwadau pellach<\/label><br \/>\n<span class=\"wpcf7-form-control-wrap\" data-name=\"your-comments\"><textarea cols=\"40\" rows=\"10\" maxlength=\"2000\" class=\"wpcf7-form-control wpcf7-textarea\" id=\"your-comments\" aria-invalid=\"false\" name=\"your-comments\"><\/textarea><\/span>\n\t<\/p>\n<\/fieldset>\n<div class=\"wpcf7-response-output\" aria-hidden=\"true\"><\/div>\n<p><input class=\"wpcf7-form-control wpcf7-submit has-spinner\" type=\"submit\" value=\"Cyflwyno adborth\" \/>\n<\/p>\n<\/form>\n<\/div>\n[\/vc_column][\/vc_row]<\/p>\n<\/div>","protected":false},"excerpt":{"rendered":"[vc_row][vc_column][vc_column_text] Rydym am wybod eich syniadau a&#8217;ch sylwadau ar y gatiau l\u00f4n gefn arfaethedig Mae angen i ni gael tystiolaeth bod g\u00e2t l\u00f4n gefn arfaethedig yn cael ei gefnogi gan breswylwyr, perchnogion a busnesau i&#8217;r cynnig gael ei ddatblygu ymhellach. Mae hefyd yn bwysig ar y cam hwn ein bod ni\u2019n deall sut y defnyddir&#8230; <a class=\"view-article\" href=\"https:\/\/www.devandregencardiff.co.uk\/cy\/ein-prosiectau\/lonydd-cefn-a-gatiau\/dweud-eich-dweud-ar-gynlluniau-gatiau-lon-gefn-arfaethedig\/\">View Article<\/a>","protected":false},"author":1,"featured_media":0,"parent":1119,"menu_order":0,"comment_status":"closed","ping_status":"closed","template":"","meta":{"_acf_changed":false,"footnotes":""},"class_list":["post-1743","page","type-page","status-publish","hentry"],"acf":[],"_links":{"self":[{"href":"https:\/\/www.devandregencardiff.co.uk\/cy\/wp-json\/wp\/v2\/pages\/1743","targetHints":{"allow":["GET"]}}],"collection":[{"href":"https:\/\/www.devandregencardiff.co.uk\/cy\/wp-json\/wp\/v2\/pages"}],"about":[{"href":"https:\/\/www.devandregencardiff.co.uk\/cy\/wp-json\/wp\/v2\/types\/page"}],"author":[{"embeddable":true,"href":"https:\/\/www.devandregencardiff.co.uk\/cy\/wp-json\/wp\/v2\/users\/1"}],"replies":[{"embeddable":true,"href":"https:\/\/www.devandregencardiff.co.uk\/cy\/wp-json\/wp\/v2\/comments?post=1743"}],"version-history":[{"count":5,"href":"https:\/\/www.devandregencardiff.co.uk\/cy\/wp-json\/wp\/v2\/pages\/1743\/revisions"}],"predecessor-version":[{"id":2891,"href":"https:\/\/www.devandregencardiff.co.uk\/cy\/wp-json\/wp\/v2\/pages\/1743\/revisions\/2891"}],"up":[{"embeddable":true,"href":"https:\/\/www.devandregencardiff.co.uk\/cy\/wp-json\/wp\/v2\/pages\/1119"}],"wp:attachment":[{"href":"https:\/\/www.devandregencardiff.co.uk\/cy\/wp-json\/wp\/v2\/media?parent=1743"}],"curies":[{"name":"wp","href":"https:\/\/api.w.org\/{rel}","templated":true}]}}